{"id":10,"date":"2024-09-24T03:03:55","date_gmt":"2024-09-24T03:03:55","guid":{"rendered":"https:\/\/pp3concept.com\/?page_id=10"},"modified":"2024-09-24T03:30:26","modified_gmt":"2024-09-24T03:30:26","slug":"pp3-concept-agencia-de-publicidade","status":"publish","type":"page","link":"https:\/\/pp3concept.com\/","title":{"rendered":"PP3 CONCEPT &#8211; Ag\u00eancia de Publicidade Inovadora em Portugal"},"content":{"rendered":"\t\t<div data-elementor-type=\"wp-page\" data-elementor-id=\"10\" class=\"elementor elementor-10\" data-elementor-post-type=\"page\">\n\t\t\t\t<div class=\"elementor-element elementor-element-f107392 e-flex e-con-boxed e-con e-parent\" data-id=\"f107392\" data-element_type=\"container\" data-settings=\"{&quot;background_background&quot;:&quot;classic&quot;}\">\n\t\t\t\t\t<div class=\"e-con-inner\">\n\t\t\t\t\t<\/div>\n\t\t\t\t<\/div>\n\t\t<div class=\"elementor-element elementor-element-68c0e69 e-flex e-con-boxed e-con e-parent\" data-id=\"68c0e69\" data-element_type=\"container\" data-settings=\"{&quot;background_background&quot;:&quot;classic&quot;}\">\n\t\t\t\t\t<div class=\"e-con-inner\">\n\t\t\t\t<div class=\"elementor-element elementor-element-3c5b81b elementor-widget elementor-widget-heading\" data-id=\"3c5b81b\" data-element_type=\"widget\" data-widget_type=\"heading.default\">\n\t\t\t\t<div class=\"elementor-widget-container\">\n\t\t\t<h1 class=\"elementor-heading-title elementor-size-default\">PP3 CONCEPT, ag\u00eancia de publicidade em Portugal, especializada em ideias inovadoras e solu\u00e7\u00f5es criativas. Transformamos conceitos em campanhas impactantes que conectam marcas e pessoas.<\/h1>\t\t<\/div>\n\t\t\t\t<\/div>\n\t\t\t\t<div class=\"elementor-element elementor-element-3bd631c elementor-widget elementor-widget-spacer\" data-id=\"3bd631c\" data-element_type=\"widget\" data-widget_type=\"spacer.default\">\n\t\t\t\t<div class=\"elementor-widget-container\">\n\t\t\t\t\t<div class=\"elementor-spacer\">\n\t\t\t<div class=\"elementor-spacer-inner\"><\/div>\n\t\t<\/div>\n\t\t\t\t<\/div>\n\t\t\t\t<\/div>\n\t\t\t\t\t<\/div>\n\t\t\t\t<\/div>\n\t\t\t\t<\/div>\n\t\t","protected":false},"excerpt":{"rendered":"<p>PP3 CONCEPT, ag\u00eancia de publicidade em Portugal, especializada em ideias inovadoras e solu\u00e7\u00f5es criativas. Transformamos conceitos em campanhas impactantes que conectam marcas e pessoas.<\/p>\n","protected":false},"author":1,"featured_media":0,"parent":0,"menu_order":0,"comment_status":"closed","ping_status":"closed","template":"elementor_canvas","meta":{"footnotes":""},"class_list":["post-10","page","type-page","status-publish","hentry"],"yoast_head":"<!-- This site is optimized with the Yoast SEO plugin v23.4 - https:\/\/yoast.com\/wordpress\/plugins\/seo\/ -->\n<title>PP3 CONCEPT - Ag\u00eancia de Publicidade Inovadora em Portugal - PP3 CONCEPT - Ag\u00eancia de Publicidade Inovadora em Portugal<\/title>\n<meta name=\"description\" content=\"PP3 CONCEPT, ag\u00eancia de publicidade em Lisboa, Portugal, especializada em ideias inovadoras. Transformamos conceitos em comunica\u00e7\u00e3o assertiva\" \/>\n<meta name=\"robots\" content=\"index, follow, max-snippet:-1, max-image-preview:large, max-video-preview:-1\" \/>\n<link rel=\"canonical\" href=\"https:\/\/pp3concept.com\/\" \/>\n<meta property=\"og:locale\" content=\"pt_BR\" \/>\n<meta property=\"og:type\" content=\"article\" \/>\n<meta property=\"og:title\" content=\"PP3 CONCEPT - Ag\u00eancia de Publicidade Inovadora em Portugal - PP3 CONCEPT - Ag\u00eancia de Publicidade Inovadora em Portugal\" \/>\n<meta property=\"og:description\" content=\"PP3 CONCEPT, ag\u00eancia de publicidade em Lisboa, Portugal, especializada em ideias inovadoras. Transformamos conceitos em comunica\u00e7\u00e3o assertiva\" \/>\n<meta property=\"og:url\" content=\"https:\/\/pp3concept.com\/\" \/>\n<meta property=\"og:site_name\" content=\"PP3 CONCEPT - Ag\u00eancia de Publicidade Inovadora em Portugal\" \/>\n<meta property=\"article:modified_time\" content=\"2024-09-24T03:30:26+00:00\" \/>\n<meta name=\"twitter:card\" content=\"summary_large_image\" \/>\n<meta name=\"twitter:label1\" content=\"Est. tempo de leitura\" \/>\n\t<meta name=\"twitter:data1\" content=\"1 minuto\" \/>\n<script type=\"application\/ld+json\" class=\"yoast-schema-graph\">{\"@context\":\"https:\/\/schema.org\",\"@graph\":[{\"@type\":\"WebPage\",\"@id\":\"https:\/\/pp3concept.com\/\",\"url\":\"https:\/\/pp3concept.com\/\",\"name\":\"PP3 CONCEPT - Ag\u00eancia de Publicidade Inovadora em Portugal - PP3 CONCEPT - Ag\u00eancia de Publicidade Inovadora em Portugal\",\"isPartOf\":{\"@id\":\"https:\/\/pp3concept.com\/#website\"},\"datePublished\":\"2024-09-24T03:03:55+00:00\",\"dateModified\":\"2024-09-24T03:30:26+00:00\",\"description\":\"PP3 CONCEPT, ag\u00eancia de publicidade em Lisboa, Portugal, especializada em ideias inovadoras. Transformamos conceitos em comunica\u00e7\u00e3o assertiva\",\"breadcrumb\":{\"@id\":\"https:\/\/pp3concept.com\/#breadcrumb\"},\"inLanguage\":\"pt-BR\",\"potentialAction\":[{\"@type\":\"ReadAction\",\"target\":[\"https:\/\/pp3concept.com\/\"]}]},{\"@type\":\"BreadcrumbList\",\"@id\":\"https:\/\/pp3concept.com\/#breadcrumb\",\"itemListElement\":[{\"@type\":\"ListItem\",\"position\":1,\"name\":\"In\u00edcio\",\"item\":\"https:\/\/pp3concept.com\/\"},{\"@type\":\"ListItem\",\"position\":2,\"name\":\"PP3 CONCEPT &#8211; Ag\u00eancia de Publicidade Inovadora em Portugal\"}]},{\"@type\":\"WebSite\",\"@id\":\"https:\/\/pp3concept.com\/#website\",\"url\":\"https:\/\/pp3concept.com\/\",\"name\":\"PP3 CONCEPT - Ag\u00eancia de Publicidade Inovadora em Portugal\",\"description\":\"PP3 CONCEPT, ag\u00eancia de publicidade em Portugal, especializada em ideias inovadoras e solu\u00e7\u00f5es criativas. Transformamos conceitos em campanhas impactantes que conectam marcas e pessoas.\",\"potentialAction\":[{\"@type\":\"SearchAction\",\"target\":{\"@type\":\"EntryPoint\",\"urlTemplate\":\"https:\/\/pp3concept.com\/?s={search_term_string}\"},\"query-input\":{\"@type\":\"PropertyValueSpecification\",\"valueRequired\":true,\"valueName\":\"search_term_string\"}}],\"inLanguage\":\"pt-BR\"}]}<\/script>\n<!-- \/ Yoast SEO plugin. -->","yoast_head_json":{"title":"PP3 CONCEPT - Ag\u00eancia de Publicidade Inovadora em Portugal - PP3 CONCEPT - Ag\u00eancia de Publicidade Inovadora em Portugal","description":"PP3 CONCEPT, ag\u00eancia de publicidade em Lisboa, Portugal, especializada em ideias inovadoras. Transformamos conceitos em comunica\u00e7\u00e3o assertiva","robots":{"index":"index","follow":"follow","max-snippet":"max-snippet:-1","max-image-preview":"max-image-preview:large","max-video-preview":"max-video-preview:-1"},"canonical":"https:\/\/pp3concept.com\/","og_locale":"pt_BR","og_type":"article","og_title":"PP3 CONCEPT - Ag\u00eancia de Publicidade Inovadora em Portugal - PP3 CONCEPT - Ag\u00eancia de Publicidade Inovadora em Portugal","og_description":"PP3 CONCEPT, ag\u00eancia de publicidade em Lisboa, Portugal, especializada em ideias inovadoras. Transformamos conceitos em comunica\u00e7\u00e3o assertiva","og_url":"https:\/\/pp3concept.com\/","og_site_name":"PP3 CONCEPT - Ag\u00eancia de Publicidade Inovadora em Portugal","article_modified_time":"2024-09-24T03:30:26+00:00","twitter_card":"summary_large_image","twitter_misc":{"Est. tempo de leitura":"1 minuto"},"schema":{"@context":"https:\/\/schema.org","@graph":[{"@type":"WebPage","@id":"https:\/\/pp3concept.com\/","url":"https:\/\/pp3concept.com\/","name":"PP3 CONCEPT - Ag\u00eancia de Publicidade Inovadora em Portugal - PP3 CONCEPT - Ag\u00eancia de Publicidade Inovadora em Portugal","isPartOf":{"@id":"https:\/\/pp3concept.com\/#website"},"datePublished":"2024-09-24T03:03:55+00:00","dateModified":"2024-09-24T03:30:26+00:00","description":"PP3 CONCEPT, ag\u00eancia de publicidade em Lisboa, Portugal, especializada em ideias inovadoras. Transformamos conceitos em comunica\u00e7\u00e3o assertiva","breadcrumb":{"@id":"https:\/\/pp3concept.com\/#breadcrumb"},"inLanguage":"pt-BR","potentialAction":[{"@type":"ReadAction","target":["https:\/\/pp3concept.com\/"]}]},{"@type":"BreadcrumbList","@id":"https:\/\/pp3concept.com\/#breadcrumb","itemListElement":[{"@type":"ListItem","position":1,"name":"In\u00edcio","item":"https:\/\/pp3concept.com\/"},{"@type":"ListItem","position":2,"name":"PP3 CONCEPT &#8211; Ag\u00eancia de Publicidade Inovadora em Portugal"}]},{"@type":"WebSite","@id":"https:\/\/pp3concept.com\/#website","url":"https:\/\/pp3concept.com\/","name":"PP3 CONCEPT - Ag\u00eancia de Publicidade Inovadora em Portugal","description":"PP3 CONCEPT, ag\u00eancia de publicidade em Portugal, especializada em ideias inovadoras e solu\u00e7\u00f5es criativas. Transformamos conceitos em campanhas impactantes que conectam marcas e pessoas.","potentialAction":[{"@type":"SearchAction","target":{"@type":"EntryPoint","urlTemplate":"https:\/\/pp3concept.com\/?s={search_term_string}"},"query-input":{"@type":"PropertyValueSpecification","valueRequired":true,"valueName":"search_term_string"}}],"inLanguage":"pt-BR"}]}},"_links":{"self":[{"href":"https:\/\/pp3concept.com\/index.php\/wp-json\/wp\/v2\/pages\/10","targetHints":{"allow":["GET"]}}],"collection":[{"href":"https:\/\/pp3concept.com\/index.php\/wp-json\/wp\/v2\/pages"}],"about":[{"href":"https:\/\/pp3concept.com\/index.php\/wp-json\/wp\/v2\/types\/page"}],"author":[{"embeddable":true,"href":"https:\/\/pp3concept.com\/index.php\/wp-json\/wp\/v2\/users\/1"}],"replies":[{"embeddable":true,"href":"https:\/\/pp3concept.com\/index.php\/wp-json\/wp\/v2\/comments?post=10"}],"version-history":[{"count":24,"href":"https:\/\/pp3concept.com\/index.php\/wp-json\/wp\/v2\/pages\/10\/revisions"}],"predecessor-version":[{"id":44,"href":"https:\/\/pp3concept.com\/index.php\/wp-json\/wp\/v2\/pages\/10\/revisions\/44"}],"wp:attachment":[{"href":"https:\/\/pp3concept.com\/index.php\/wp-json\/wp\/v2\/media?parent=10"}],"curies":[{"name":"wp","href":"https:\/\/api.w.org\/{rel}","templated":true}]}}